{"id":21086,"date":"2023-03-14T22:45:48","date_gmt":"2023-03-14T22:45:48","guid":{"rendered":"https:\/\/bosporuscruise.com\/product\/bateaux-evenementiels-2\/"},"modified":"2025-08-01T12:12:59","modified_gmt":"2025-08-01T12:12:59","slug":"bateaux-evenementiels-2","status":"publish","type":"product","link":"https:\/\/bosporuscruise.com\/fr\/product\/bateaux-evenementiels-2\/","title":{"rendered":"Bateaux \u00e9v\u00e9nementiels 2"},"content":{"rendered":"<h4><strong>prix<\/strong><\/h4>\n<ul>\n<li>A partir de 600\u20ac de l&#8217;heure (Minimum 3 heures de location)<\/li>\n<\/ul>\n<p>***Les prix varient selon la saison et l&#8217;heure.<\/p>\n<h4><strong>Lieu de d\u00e9part et de retour<\/strong><\/h4>\n<h3><iframe style=\"border: 0;\" src=\"https:\/\/www.google.com\/maps\/embed?pb=!1m14!1m8!1m3!1d3009.5381293322725!2d28.9914258!3d41.0353597!3m2!1i1024!2i768!4f13.1!3m3!1m2!1s0x14cab7eba339414b%3A0x1ca810ed03b5bb2e!2sPrivate%20Bosphorus%20Dinner%20Cruise%20Istanbul!5e0!3m2!1str!2str!4v1678833858795!5m2!1str!2str\" width=\"600\" height=\"450\" allowfullscreen=\"allowfullscreen\"><\/iframe><\/h3>\n<h4><strong>Heure de d\u00e9part quotidienne<\/strong><\/h4>\n<p>Sur demande<\/p>\n<h4><strong>Prix (par yacht) Comprend<\/strong><\/h4>\n<ul>\n<li>Capitaine<\/li>\n<li>\u00c9quipage<\/li>\n<li>Location de bateaux<\/li>\n<\/ul>\n<h4><strong>Le prix exclusif<\/strong><\/h4>\n<ul>\n<li>Conseils<\/li>\n<\/ul>\n<h4><strong>Suppl\u00e9ments<\/strong><\/h4>\n<ul>\n<li>Des divertissements \u00e0 bord sont disponibles. Spectacles de danse :<\/li>\n<li>Oryantal (danse du ventre)<\/li>\n<li>Spectacle de Derviches Tourneurs (Sema)<\/li>\n<li>Spectacle de danse latine<\/li>\n<li>Zeybek<\/li>\n<li>Romaine<\/li>\n<li>Halay<\/li>\n<li>Kafkas (danse circassienne)<\/li>\n<li>Hor\u00f4n<\/li>\n<li>Les services de d\u00e9coration sont disponibles pour toutes sortes d&#8217;organismes.<\/li>\n<li>Le d\u00e9jeuner et le d\u00eener sont disponibles sur le bateau.<\/li>\n<li>Le menu peut \u00eatre pr\u00e9par\u00e9 selon chaque demande.<\/li>\n<li>Toutes sortes de boissons alcoolis\u00e9es sont disponibles sur demande.<\/li>\n<\/ul>\n<p>Menu Standard \u2013 Par personne 40 Euro<\/p>\n<h4><strong>Menu<\/strong><\/h4>\n<h5><strong>Cocktail de bienvenue Hors-d&#8217;\u0153uvre<\/strong><\/h5>\n<p>Salade de pommes de terre<\/p>\n<p>Salade Am\u00e9ricaine<\/p>\n<p>Haydari sur concombre<\/p>\n<p>F\u00eata<\/p>\n<p>Tomate<\/p>\n<p>D\u00e9nud\u00e9e<\/p>\n<p>Emballage de feuilles<\/p>\n<p>Concombre<\/p>\n<h5><strong>Entr\u00e9es chaudes<\/strong><\/h5>\n<p>Rouleaux de printemps aux l\u00e9gumes<\/p>\n<h5><strong>Plats principaux<\/strong><\/h5>\n<p>Chiche au poulet<\/p>\n<p>Boulettes de viandes grill\u00e9es<\/p>\n<p>Brochette de Viande<\/p>\n<p>Riz<\/p>\n<p>Tomates grill\u00e9es au poivre<\/p>\n<p>Ou<\/p>\n<p>Poisson(Seamea)<\/p>\n<p>Avec roquette, citron et oignon<\/p>\n<h5><strong>salade<\/strong><\/h5>\n<p>Salade de saison au ma\u00efs<\/p>\n<h5><strong>D\u00e9sert &amp; Fruits<\/strong><\/h5>\n<p>D\u00e9sert turc sp\u00e9cial mixte<\/p>\n","protected":false},"excerpt":{"rendered":"<p><img decoding=\"async\" class=\"alignnone size-full wp-image-19039\" src=\"https:\/\/bosporuscruise.com\/wp-content\/uploads\/2023\/03\/Resim1-kopya-6.jpg\" alt=\"\" width=\"260\" height=\"79\" \/><\/p>\n","protected":false},"featured_media":20410,"comment_status":"closed","ping_status":"closed","template":"","meta":{"_monsterinsights_skip_tracking":false,"_monsterinsights_sitenote_active":false,"_monsterinsights_sitenote_note":"","_monsterinsights_sitenote_category":0},"product_brand":[],"product_cat":[120],"product_tag":[],"class_list":{"0":"post-21086","1":"product","2":"type-product","3":"status-publish","4":"has-post-thumbnail","6":"product_cat-bateaux-evenementiels","8":"first","9":"instock","10":"shipping-taxable","11":"product-type-external"},"_links":{"self":[{"href":"https:\/\/bosporuscruise.com\/fr\/wp-json\/wp\/v2\/product\/21086","targetHints":{"allow":["GET"]}}],"collection":[{"href":"https:\/\/bosporuscruise.com\/fr\/wp-json\/wp\/v2\/product"}],"about":[{"href":"https:\/\/bosporuscruise.com\/fr\/wp-json\/wp\/v2\/types\/product"}],"replies":[{"embeddable":true,"href":"https:\/\/bosporuscruise.com\/fr\/wp-json\/wp\/v2\/comments?post=21086"}],"wp:featuredmedia":[{"embeddable":true,"href":"https:\/\/bosporuscruise.com\/fr\/wp-json\/wp\/v2\/media\/20410"}],"wp:attachment":[{"href":"https:\/\/bosporuscruise.com\/fr\/wp-json\/wp\/v2\/media?parent=21086"}],"wp:term":[{"taxonomy":"product_brand","embeddable":true,"href":"https:\/\/bosporuscruise.com\/fr\/wp-json\/wp\/v2\/product_brand?post=21086"},{"taxonomy":"product_cat","embeddable":true,"href":"https:\/\/bosporuscruise.com\/fr\/wp-json\/wp\/v2\/product_cat?post=21086"},{"taxonomy":"product_tag","embeddable":true,"href":"https:\/\/bosporuscruise.com\/fr\/wp-json\/wp\/v2\/product_tag?post=21086"}],"curies":[{"name":"wp","href":"https:\/\/api.w.org\/{rel}","templated":true}]}}