{"id":21227,"date":"2023-03-14T23:37:53","date_gmt":"2023-03-14T23:37:53","guid":{"rendered":"https:\/\/bosporuscruise.com\/product\/barcos-de-eventos-3\/"},"modified":"2025-08-01T12:05:32","modified_gmt":"2025-08-01T12:05:32","slug":"eventos-barcos-3","status":"publish","type":"product","link":"https:\/\/bosporuscruise.com\/es\/product\/eventos-barcos-3\/","title":{"rendered":"Barcos de eventos 3"},"content":{"rendered":"<h4><strong>Precio<\/strong><\/h4>\n<ul>\n<li>Desde 500\u20ac por hora (M\u00ednimo 3 horas de alquiler)<\/li>\n<\/ul>\n<p>***Los precios var\u00edan seg\u00fan temporada y horario.<\/p>\n<h4><strong>Lugar de salida y regreso<\/strong><\/h4>\n<h3><iframe style=\"border: 0;\" src=\"https:\/\/www.google.com\/maps\/embed?pb=!1m17!1m12!1m3!1d3010.2601076093106!2d28.967409999999997!3d41.019565!2m3!1f0!2f0!3f0!3m2!1i1024!2i768!4f13.1!3m2!1m1!2zNDHCsDAxJzEwLjQiTiAyOMKwNTgnMDIuNyJF!5e0!3m2!1str!2str!4v1678836926428!5m2!1str!2str\" width=\"600\" height=\"450\" allowfullscreen=\"allowfullscreen\"><\/iframe><\/h3>\n<h4><strong>Hora de salida diaria<\/strong><\/h4>\n<p>bajo pedido<\/p>\n<h4><strong>Precio (por yate) Incluye<\/strong><\/h4>\n<ul>\n<li>capitana<\/li>\n<li>Multitud<\/li>\n<li>alquiler de barcos<\/li>\n<\/ul>\n<h4><strong>El precio excluido<\/strong><\/h4>\n<ul>\n<li>Consejos<\/li>\n<\/ul>\n<h4><strong>Extras<\/strong><\/h4>\n<ul>\n<li>El entretenimiento a bordo est\u00e1 disponible. Espect\u00e1culos de baile:<\/li>\n<li>Oryantal (Danza del Vientre)<\/li>\n<li>Espect\u00e1culo de derviches giradores (Sema)<\/li>\n<li>Espect\u00e1culo de baile latino<\/li>\n<li>Zeybek<\/li>\n<li>Romana<\/li>\n<li>Halay<\/li>\n<li>Kafkas (danza circasiana)<\/li>\n<li>Hor\u00f3n<\/li>\n<li>Los servicios de decoraci\u00f3n est\u00e1n disponibles para todo tipo de organizaciones.<\/li>\n<li>El almuerzo y la cena est\u00e1n disponibles en el barco.<\/li>\n<li>El men\u00fa se puede preparar de acuerdo a cada solicitud.<\/li>\n<li>Todo tipo de bebidas alcoh\u00f3licas est\u00e1n disponibles bajo petici\u00f3n.<\/li>\n<\/ul>\n<p>Men\u00fa Est\u00e1ndar \u2013 Por persona 40 Euros<\/p>\n<h4><strong>Men\u00fa<\/strong><\/h4>\n<h5><strong>Aperitivos C\u00f3ctel de Bienvenida<\/strong><\/h5>\n<p>Ensalada de papas<\/p>\n<p>Ensalada Americana<\/p>\n<p>Haydari en pepino<\/p>\n<p>queso feta<\/p>\n<p>Tomate<\/p>\n<p>Esteril<\/p>\n<p>Envoltura de hojas<\/p>\n<p>Pepino<\/p>\n<h5><strong> Entrantes Calientes<\/strong><\/h5>\n<p>Rollitos de primavera de verduras<\/p>\n<h5><strong>Platos principales<\/strong><\/h5>\n<p>Shish de pollo<\/p>\n<p>Alb\u00f3ndigas de carne a la parrilla<\/p>\n<p>brocheta de carne<\/p>\n<p>Arroz<\/p>\n<p>Tomates Asados Con Pepperor<\/p>\n<p>O<\/p>\n<p>Pescado (Seamea)<\/p>\n<p>Con R\u00facula, Lim\u00f3n Y Cebolla<\/p>\n<h5><strong>Ensalada<\/strong><\/h5>\n<p>Ensalada de Temporada con Ma\u00edz<\/p>\n<h5><strong>desierto y fruta<\/strong><\/h5>\n<p>Desierto Turco Especial Mixto<\/p>\n","protected":false},"excerpt":{"rendered":"<p><img decoding=\"async\" class=\"alignnone size-full wp-image-19049\" src=\"https:\/\/bosporuscruise.com\/wp-content\/uploads\/2023\/03\/Resim1-kopya-7.jpg\" alt=\"\" width=\"260\" height=\"79\" \/><\/p>\n","protected":false},"featured_media":21025,"comment_status":"closed","ping_status":"closed","template":"","meta":{"_monsterinsights_skip_tracking":false,"_monsterinsights_sitenote_active":false,"_monsterinsights_sitenote_note":"","_monsterinsights_sitenote_category":0},"product_brand":[],"product_cat":[78],"product_tag":[],"class_list":{"0":"post-21227","1":"product","2":"type-product","3":"status-publish","4":"has-post-thumbnail","6":"product_cat-event-boats","8":"first","9":"instock","10":"shipping-taxable","11":"product-type-external"},"_links":{"self":[{"href":"https:\/\/bosporuscruise.com\/es\/wp-json\/wp\/v2\/product\/21227","targetHints":{"allow":["GET"]}}],"collection":[{"href":"https:\/\/bosporuscruise.com\/es\/wp-json\/wp\/v2\/product"}],"about":[{"href":"https:\/\/bosporuscruise.com\/es\/wp-json\/wp\/v2\/types\/product"}],"replies":[{"embeddable":true,"href":"https:\/\/bosporuscruise.com\/es\/wp-json\/wp\/v2\/comments?post=21227"}],"wp:featuredmedia":[{"embeddable":true,"href":"https:\/\/bosporuscruise.com\/es\/wp-json\/wp\/v2\/media\/21025"}],"wp:attachment":[{"href":"https:\/\/bosporuscruise.com\/es\/wp-json\/wp\/v2\/media?parent=21227"}],"wp:term":[{"taxonomy":"product_brand","embeddable":true,"href":"https:\/\/bosporuscruise.com\/es\/wp-json\/wp\/v2\/product_brand?post=21227"},{"taxonomy":"product_cat","embeddable":true,"href":"https:\/\/bosporuscruise.com\/es\/wp-json\/wp\/v2\/product_cat?post=21227"},{"taxonomy":"product_tag","embeddable":true,"href":"https:\/\/bosporuscruise.com\/es\/wp-json\/wp\/v2\/product_tag?post=21227"}],"curies":[{"name":"wp","href":"https:\/\/api.w.org\/{rel}","templated":true}]}}